{"id":14212,"date":"2021-05-05T07:17:31","date_gmt":"2021-05-05T05:17:31","guid":{"rendered":"https:\/\/esseeds.com\/esseeds\/"},"modified":"2024-07-16T06:49:57","modified_gmt":"2024-07-16T04:49:57","slug":"esseeds","status":"publish","type":"page","link":"https:\/\/esseeds.com\/fr\/esseeds\/","title":{"rendered":"L\u2019entreprise derri\u00e8re ESSEEDS"},"content":{"rendered":"\t\t<div data-elementor-type=\"wp-page\" data-elementor-id=\"14212\" class=\"elementor elementor-14212 elementor-553\" data-elementor-post-type=\"page\">\n\t\t\t\t\t\t<section class=\"elementor-section elementor-top-section elementor-element elementor-element-5c661fa elementor-section-boxed elementor-section-height-default elementor-section-height-default\" data-id=\"5c661fa\" data-element_type=\"section\" data-e-type=\"section\">\n\t\t\t\t\t\t<div class=\"elementor-container elementor-column-gap-default\">\n\t\t\t\t\t<div class=\"elementor-column elementor-col-100 elementor-top-column elementor-element elementor-element-fbf1d60\" data-id=\"fbf1d60\" data-element_type=\"column\" data-e-type=\"column\">\n\t\t\t<div class=\"elementor-widget-wrap elementor-element-populated\">\n\t\t\t\t\t\t<div class=\"elementor-element elementor-element-cbff3cb elementor-widget elementor-widget-spacer\" data-id=\"cbff3cb\" data-element_type=\"widget\" data-e-type=\"widget\" data-widget_type=\"spacer.default\">\n\t\t\t\t<div class=\"elementor-widget-container\">\n\t\t\t\t\t\t\t<div class=\"elementor-spacer\">\n\t\t\t<div class=\"elementor-spacer-inner\"><\/div>\n\t\t<\/div>\n\t\t\t\t\t\t<\/div>\n\t\t\t\t<\/div>\n\t\t\t\t<div class=\"elementor-element elementor-element-bc331c3 elementor-widget elementor-widget-heading\" data-id=\"bc331c3\" data-element_type=\"widget\" data-e-type=\"widget\" id=\"empresa\" data-widget_type=\"heading.default\">\n\t\t\t\t<div class=\"elementor-widget-container\">\n\t\t\t\t\t<h1 class=\"elementor-heading-title elementor-size-default\">L\u2019entreprise derri\u00e8re ESSEEDS<\/h1>\t\t\t\t<\/div>\n\t\t\t\t<\/div>\n\t\t\t\t<div class=\"elementor-element elementor-element-c865011 elementor-widget elementor-widget-text-editor\" data-id=\"c865011\" data-element_type=\"widget\" data-e-type=\"widget\" data-widget_type=\"text-editor.default\">\n\t\t\t\t<div class=\"elementor-widget-container\">\n\t\t\t\t\t\t\t\t\t<p>Efecto Soluciones, SL ( <strong>ESSEEDS comme marque<\/strong> ) produit et <strong>vend des semences \u00e0 l&rsquo;\u00e9chelle internationale.<\/strong> Nous vendons actuellement des graines dans plus de <strong>16 pays<\/strong> .<\/p>\n<p>Notre entreprise se caract\u00e9rise par l&rsquo;introduction de <strong>nouvelles esp\u00e8ces v\u00e9g\u00e9tales<\/strong> dans diff\u00e9rents pays, toujours dans l&rsquo;intention d&rsquo;offrir de nouvelles <strong>alternatives de cultures<\/strong> qui contribuent \u00e0 g\u00e9n\u00e9rer une <strong>plus grande rentabilit\u00e9 dans les exploitations agricoles<\/strong>.<\/p>\n<p>La production des semences que nous commercialisons est soumise \u00e0 des contr\u00f4les de qualit\u00e9 stricts.<\/p>\n\t\t\t\t\t\t\t\t<\/div>\n\t\t\t\t<\/div>\n\t\t\t\t\t<\/div>\n\t\t<\/div>\n\t\t\t\t\t<\/div>\n\t\t<\/section>\n\t\t\t\t<section class=\"elementor-section elementor-top-section elementor-element elementor-element-66f97c6 elementor-section-boxed elementor-section-height-default elementor-section-height-default\" data-id=\"66f97c6\" data-element_type=\"section\" data-e-type=\"section\">\n\t\t\t\t\t\t<div class=\"elementor-container elementor-column-gap-default\">\n\t\t\t\t\t<div class=\"elementor-column elementor-col-100 elementor-top-column elementor-element elementor-element-14a455d\" data-id=\"14a455d\" data-element_type=\"column\" data-e-type=\"column\">\n\t\t\t<div class=\"elementor-widget-wrap elementor-element-populated\">\n\t\t\t\t\t\t<div class=\"elementor-element elementor-element-fd94fd1 elementor-widget elementor-widget-heading\" data-id=\"fd94fd1\" data-element_type=\"widget\" data-e-type=\"widget\" id=\"idi\" data-widget_type=\"heading.default\">\n\t\t\t\t<div class=\"elementor-widget-container\">\n\t\t\t\t\t<h2 class=\"elementor-heading-title elementor-size-default\">R&amp;D&amp;I<\/h2>\t\t\t\t<\/div>\n\t\t\t\t<\/div>\n\t\t\t\t<div class=\"elementor-element elementor-element-ce47c64 elementor-widget elementor-widget-text-editor\" data-id=\"ce47c64\" data-element_type=\"widget\" data-e-type=\"widget\" data-widget_type=\"text-editor.default\">\n\t\t\t\t<div class=\"elementor-widget-container\">\n\t\t\t\t\t\t\t\t\t<p>  L&rsquo;adaptation aux changements et le renouvellement constant font partie de l&rsquo;ADN d&rsquo;<strong>ESSEEDS<\/strong>. C&rsquo;est pourquoi notre foi dans la R+D+I nous a toujours permis d&rsquo;\u00eatre \u00e0 l&rsquo;avant-garde et de <strong>g\u00e9n\u00e9rer des alternatives pour les agriculteurs et les \u00e9leveurs<\/strong>. Notre groupe dispose actuellement d&rsquo;un accord pour la <strong>recherche et le d\u00e9veloppement<\/strong> de nouvelles vari\u00e9t\u00e9s, suite \u00e0 l&rsquo;accord conclu avec l&rsquo;<a href=\"https:\/\/www.ufl.edu\/\" target=\"_blank\" rel=\"noopener\">Universit\u00e9 de Floride (US)<\/a>, avec lequel nous pourrons continuer \u00e0 offrir de nouvelles vari\u00e9t\u00e9s plus productives et diff\u00e9renci\u00e9es dans le futur.<\/p>\n<p><strong>Pr\u00e9sence internationale<\/strong> : cela nous rend tr\u00e8s satisfaits de pouvoir agir \u00e0 l&rsquo;international sous la m\u00eame action de <strong>durabilit\u00e9<\/strong> , <strong>de solarit\u00e9<\/strong> , avec le sentiment d&rsquo;une \u00e9quipe et en gardant un tr\u00e8s profond respect pour nos distributeurs, qui au niveau international font <strong>qu&rsquo;ESSEEDS<\/strong> est pr\u00e9sent dans 16 pays. maintenant, ceux qui continuent de rejoindre ann\u00e9e apr\u00e8s ann\u00e9e de nouveaux pays o\u00f9 nous d\u00e9montrons <a href=\"#valores\">nos valeurs<\/a> . Dans les pays o\u00f9 nous sommes pr\u00e9sents commercialement, nous d\u00e9ployons tous nos efforts et notre d\u00e9vouement pour que nos produits aient une place de r\u00e9f\u00e9rence.<\/p>\n<p>Nous travaillons actuellement avec des distributeurs dans chaque pays o\u00f9 nous sommes pr\u00e9sents, cependant <strong>ESSEEDS<\/strong> fait un grand effort pour servir tous <strong>les agriculteurs<\/strong> des pays o\u00f9 nous n&rsquo;avons actuellement pas d&rsquo;accords commerciaux, qu&rsquo;ils soient petits, moyens ou grands, toute l&rsquo;\u00e9quipe qui compose <strong>ESSEEDS<\/strong> travaille \u00e0 cela, nos produits peuvent \u00eatre pr\u00e9sents partout o\u00f9 ils le demandent et contribuer ainsi \u00e0 g\u00e9n\u00e9rer <strong>des alternatives plus productives et rentables pour les \u00e9leveurs et les agriculteurs<\/strong> du monde entier.<\/p>\n\t\t\t\t\t\t\t\t<\/div>\n\t\t\t\t<\/div>\n\t\t\t\t\t<\/div>\n\t\t<\/div>\n\t\t\t\t\t<\/div>\n\t\t<\/section>\n\t\t\t\t<section class=\"elementor-section elementor-top-section elementor-element elementor-element-685c601 elementor-section-boxed elementor-section-height-default elementor-section-height-default\" data-id=\"685c601\" data-element_type=\"section\" data-e-type=\"section\">\n\t\t\t\t\t\t<div class=\"elementor-container elementor-column-gap-default\">\n\t\t\t\t\t<div class=\"elementor-column elementor-col-100 elementor-top-column elementor-element elementor-element-4a4e3b1\" data-id=\"4a4e3b1\" data-element_type=\"column\" data-e-type=\"column\">\n\t\t\t<div class=\"elementor-widget-wrap elementor-element-populated\">\n\t\t\t\t\t\t<div class=\"elementor-element elementor-element-ddeba7f elementor-widget elementor-widget-heading\" data-id=\"ddeba7f\" data-element_type=\"widget\" data-e-type=\"widget\" id=\"valores\" data-widget_type=\"heading.default\">\n\t\t\t\t<div class=\"elementor-widget-container\">\n\t\t\t\t\t<h2 class=\"elementor-heading-title elementor-size-default\">Valeurs<\/h2>\t\t\t\t<\/div>\n\t\t\t\t<\/div>\n\t\t\t\t<div class=\"elementor-element elementor-element-545bf98 elementor-widget elementor-widget-text-editor\" data-id=\"545bf98\" data-element_type=\"widget\" data-e-type=\"widget\" data-widget_type=\"text-editor.default\">\n\t\t\t\t<div class=\"elementor-widget-container\">\n\t\t\t\t\t\t\t\t\t<p style=\"font-weight: 400;\"><strong>\u00c9quipe<\/strong>: nous travaillons dans le cadre d&rsquo;un travail d&rsquo;\u00e9quipe et dans une atmosph\u00e8re d&rsquo;amiti\u00e9, ce qui signifie que les sentiments et le d\u00e9vouement que nous mettons dans notre travail se refl\u00e8tent dans notre relation avec nos clients.<\/p>\n<p style=\"font-weight: 400;\"><strong>Clients<\/strong>: les personnes pour lesquelles nous avons avanc\u00e9 dans notre projet et auxquelles nous consacrons tous nos efforts, en <strong>nous adaptant \u00e0 leurs besoins<\/strong> et en leur apportant tout notre engagement et nos connaissances.  <\/p>\n<p style=\"font-weight: 400;\"><strong>Solidarit\u00e9<\/strong> : Derri\u00e8re notre quotidien se cache un <strong>engagement envers les personnes<\/strong> qui entourent nos projets au niveau international et \u00e0 qui nous essayons de livrer <strong>la meilleure qualit\u00e9 de semences \u00e0 un prix \u00e9quitable<\/strong> , en plus d&rsquo;\u00e9tablir des relations bas\u00e9es sur \u00e9thique et transparence.<\/p>\n<p style=\"font-weight: 400;\"><strong>Durabilit\u00e9<\/strong> : depuis plusieurs ann\u00e9es, nous nous concentrons sur la <strong>production et la commercialisation de cultures de couverture<\/strong> , compte tenu de notre conviction dans <strong>le respect de l&rsquo;environnement<\/strong> et de notre engagement \u00e0 promouvoir et faire conna\u00eetre les multiples <strong>avantages que ces cultures de couverture apportent<\/strong> \u00e0 notre environnement et ainsi \u00e0 la <strong>durabilit\u00e9. de notre plan\u00e8te<\/strong> .<\/p>\n<p style=\"font-weight: 400;\">Le<strong>d\u00e9vouement et l&rsquo;effort<\/strong>: des valeurs qui conduisent \u00e0 une am\u00e9lioration continue de notre activit\u00e9 professionnelle et donc \u00e0 de meilleurs r\u00e9sultats dans la relation avec nos clients, notre \u00e9quipe, nos amis et collaborateurs, qui constituent tous la marque <strong>ESSEEDS<\/strong>.<\/p>\n\t\t\t\t\t\t\t\t<\/div>\n\t\t\t\t<\/div>\n\t\t\t\t\t<\/div>\n\t\t<\/div>\n\t\t\t\t\t<\/div>\n\t\t<\/section>\n\t\t\t\t<section class=\"elementor-section elementor-top-section elementor-element elementor-element-e26ba3d elementor-section-boxed elementor-section-height-default elementor-section-height-default\" data-id=\"e26ba3d\" data-element_type=\"section\" data-e-type=\"section\">\n\t\t\t\t\t\t<div class=\"elementor-container elementor-column-gap-default\">\n\t\t\t\t\t<div class=\"elementor-column elementor-col-100 elementor-top-column elementor-element elementor-element-7824b58\" data-id=\"7824b58\" data-element_type=\"column\" data-e-type=\"column\">\n\t\t\t<div class=\"elementor-widget-wrap elementor-element-populated\">\n\t\t\t\t\t\t<div class=\"elementor-element elementor-element-c077c2b elementor-widget elementor-widget-heading\" data-id=\"c077c2b\" data-element_type=\"widget\" data-e-type=\"widget\" id=\"compromiso\" data-widget_type=\"heading.default\">\n\t\t\t\t<div class=\"elementor-widget-container\">\n\t\t\t\t\t<h2 class=\"elementor-heading-title elementor-size-default\">Engagement<\/h2>\t\t\t\t<\/div>\n\t\t\t\t<\/div>\n\t\t\t\t<div class=\"elementor-element elementor-element-bab7800 elementor-widget elementor-widget-text-editor\" data-id=\"bab7800\" data-element_type=\"widget\" data-e-type=\"widget\" data-widget_type=\"text-editor.default\">\n\t\t\t\t<div class=\"elementor-widget-container\">\n\t\t\t\t\t\t\t\t\t<p>Notre <strong>engagement envers nos distributeurs<\/strong> nous fait grandir chaque jour pour leur offrir la meilleure <strong>qualit\u00e9 et le meilleur prix<\/strong>. Nos distributeurs, que nous appelons partenaires commerciaux, sont la base de notre croissance. Profitez de votre croissance et consolidez une relation de respect et d&rsquo;engagement qui nous permet de travailler en profitant de notre croissance. En raison de l&rsquo;importance que nous accordons \u00e0 nos partenaires commerciaux, nous entretenons avec eux une relation de <strong>loyaut\u00e9, de transparence et de confiance<\/strong>.<\/p>\n\t\t\t\t\t\t\t\t<\/div>\n\t\t\t\t<\/div>\n\t\t\t\t\t<\/div>\n\t\t<\/div>\n\t\t\t\t\t<\/div>\n\t\t<\/section>\n\t\t\t\t<\/div>\n\t\t","protected":false},"excerpt":{"rendered":"<p>L\u2019entreprise derri\u00e8re ESSEEDS Efecto Soluciones, SL ( ESSEEDS comme marque ) produit et vend des semences \u00e0 l&rsquo;\u00e9chelle internationale. Nous vendons actuellement des graines dans plus de 16 pays . Notre entreprise se caract\u00e9rise par l&rsquo;introduction de nouvelles esp\u00e8ces v\u00e9g\u00e9tales dans diff\u00e9rents pays, toujours dans l&rsquo;intention d&rsquo;offrir de nouvelles alternatives de cultures qui contribuent \u00e0 [&hellip;]<\/p>\n","protected":false},"author":1,"featured_media":0,"parent":0,"menu_order":0,"comment_status":"closed","ping_status":"closed","template":"","meta":{"inline_featured_image":false,"site-sidebar-layout":"no-sidebar","site-content-layout":"page-builder","ast-site-content-layout":"full-width-container","site-content-style":"unboxed","site-sidebar-style":"unboxed","ast-global-header-display":"","ast-banner-title-visibility":"","ast-main-header-display":"","ast-hfb-above-header-display":"","ast-hfb-below-header-display":"","ast-hfb-mobile-header-display":"","site-post-title":"disabled","ast-breadcrumbs-content":"","ast-featured-img":"disabled","footer-sml-layout":"","ast-disable-related-posts":"","theme-transparent-header-meta":"default","adv-header-id-meta":"","stick-header-meta":"","header-above-stick-meta":"","header-main-stick-meta":"","header-below-stick-meta":"","astra-migrate-meta-layouts":"default","ast-page-background-enabled":"default","ast-page-background-meta":{"desktop":{"background-color":"","background-image":"","background-repeat":"repeat","background-position":"center center","background-size":"auto","background-attachment":"scroll","background-type":"","background-media":"","overlay-type":"","overlay-color":"","overlay-opacity":"","overlay-gradient":""},"tablet":{"background-color":"","background-image":"","background-repeat":"repeat","background-position":"center center","background-size":"auto","background-attachment":"scroll","background-type":"","background-media":"","overlay-type":"","overlay-color":"","overlay-opacity":"","overlay-gradient":""},"mobile":{"background-color":"","background-image":"","background-repeat":"repeat","background-position":"center center","background-size":"auto","background-attachment":"scroll","background-type":"","background-media":"","overlay-type":"","overlay-color":"","overlay-opacity":"","overlay-gradient":""}},"ast-content-background-meta":{"desktop":{"background-color":"var(--ast-global-color-5)","background-image":"","background-repeat":"repeat","background-position":"center center","background-size":"auto","background-attachment":"scroll","background-type":"","background-media":"","overlay-type":"","overlay-color":"","overlay-opacity":"","overlay-gradient":""},"tablet":{"background-color":"var(--ast-global-color-5)","background-image":"","background-repeat":"repeat","background-position":"center center","background-size":"auto","background-attachment":"scroll","background-type":"","background-media":"","overlay-type":"","overlay-color":"","overlay-opacity":"","overlay-gradient":""},"mobile":{"background-color":"var(--ast-global-color-5)","background-image":"","background-repeat":"repeat","background-position":"center center","background-size":"auto","background-attachment":"scroll","background-type":"","background-media":"","overlay-type":"","overlay-color":"","overlay-opacity":"","overlay-gradient":""}},"iawp_total_views":119,"_joinchat":[],"footnotes":""},"class_list":["post-14212","page","type-page","status-publish","hentry"],"_links":{"self":[{"href":"https:\/\/esseeds.com\/fr\/wp-json\/wp\/v2\/pages\/14212","targetHints":{"allow":["GET"]}}],"collection":[{"href":"https:\/\/esseeds.com\/fr\/wp-json\/wp\/v2\/pages"}],"about":[{"href":"https:\/\/esseeds.com\/fr\/wp-json\/wp\/v2\/types\/page"}],"author":[{"embeddable":true,"href":"https:\/\/esseeds.com\/fr\/wp-json\/wp\/v2\/users\/1"}],"replies":[{"embeddable":true,"href":"https:\/\/esseeds.com\/fr\/wp-json\/wp\/v2\/comments?post=14212"}],"version-history":[{"count":7,"href":"https:\/\/esseeds.com\/fr\/wp-json\/wp\/v2\/pages\/14212\/revisions"}],"predecessor-version":[{"id":18942,"href":"https:\/\/esseeds.com\/fr\/wp-json\/wp\/v2\/pages\/14212\/revisions\/18942"}],"wp:attachment":[{"href":"https:\/\/esseeds.com\/fr\/wp-json\/wp\/v2\/media?parent=14212"}],"curies":[{"name":"wp","href":"https:\/\/api.w.org\/{rel}","templated":true}]}}