{"id":14189,"date":"2021-04-04T16:12:31","date_gmt":"2021-04-04T14:12:31","guid":{"rendered":"https:\/\/esseeds.com\/cobra\/"},"modified":"2023-03-06T18:32:03","modified_gmt":"2023-03-06T17:32:03","slug":"cobra","status":"publish","type":"page","link":"https:\/\/esseeds.com\/fr\/graines\/cobra\/","title":{"rendered":"Cobra"},"content":{"rendered":"\t\t<div data-elementor-type=\"wp-page\" data-elementor-id=\"14189\" class=\"elementor elementor-14189 elementor-332\" data-elementor-post-type=\"page\">\n\t\t\t\t\t\t<section class=\"elementor-section elementor-top-section elementor-element elementor-element-8cb2d54 elementor-section-full_width elementor-section-height-min-height elementor-section-height-default elementor-section-items-middle\" data-id=\"8cb2d54\" data-element_type=\"section\" data-e-type=\"section\" data-settings=\"{&quot;background_background&quot;:&quot;classic&quot;}\">\n\t\t\t\t\t\t<div class=\"elementor-container elementor-column-gap-default\">\n\t\t\t\t\t<div class=\"elementor-column elementor-col-100 elementor-top-column elementor-element elementor-element-c5b6849\" data-id=\"c5b6849\" data-element_type=\"column\" data-e-type=\"column\">\n\t\t\t<div class=\"elementor-widget-wrap elementor-element-populated\">\n\t\t\t\t\t\t<div class=\"elementor-element elementor-element-7645f69 elementor-widget elementor-widget-heading\" data-id=\"7645f69\" data-element_type=\"widget\" data-e-type=\"widget\" data-widget_type=\"heading.default\">\n\t\t\t\t<div class=\"elementor-widget-container\">\n\t\t\t\t\t<h1 class=\"elementor-heading-title elementor-size-default\">Herbe \u00e0 cobra<\/h1>\t\t\t\t<\/div>\n\t\t\t\t<\/div>\n\t\t\t\t\t<\/div>\n\t\t<\/div>\n\t\t\t\t\t<\/div>\n\t\t<\/section>\n\t\t\t\t<section class=\"elementor-section elementor-top-section elementor-element elementor-element-a351e73 elementor-section-boxed elementor-section-height-default elementor-section-height-default\" data-id=\"a351e73\" data-element_type=\"section\" data-e-type=\"section\">\n\t\t\t\t\t\t<div class=\"elementor-container elementor-column-gap-default\">\n\t\t\t\t\t<div class=\"elementor-column elementor-col-100 elementor-top-column elementor-element elementor-element-dd2056c\" data-id=\"dd2056c\" data-element_type=\"column\" data-e-type=\"column\">\n\t\t\t<div class=\"elementor-widget-wrap elementor-element-populated\">\n\t\t\t\t\t\t<div class=\"elementor-element elementor-element-929747d elementor-widget elementor-widget-image\" data-id=\"929747d\" data-element_type=\"widget\" data-e-type=\"widget\" data-widget_type=\"image.default\">\n\t\t\t\t<div class=\"elementor-widget-container\">\n\t\t\t\t\t\t\t\t\t\t\t\t\t\t\t<img fetchpriority=\"high\" decoding=\"async\" width=\"288\" height=\"284\" src=\"https:\/\/esseeds.com\/wp-content\/uploads\/2021\/04\/logo-cobra-01.png\" class=\"attachment-large size-large wp-image-14062\" alt=\"ESSEEDS - -\">\t\t\t\t\t\t\t\t\t\t\t\t\t\t\t<\/div>\n\t\t\t\t<\/div>\n\t\t\t\t\t<\/div>\n\t\t<\/div>\n\t\t\t\t\t<\/div>\n\t\t<\/section>\n\t\t\t\t<section class=\"elementor-section elementor-top-section elementor-element elementor-element-9db36c0 elementor-section-boxed elementor-section-height-default elementor-section-height-default\" data-id=\"9db36c0\" data-element_type=\"section\" data-e-type=\"section\">\n\t\t\t\t\t\t<div class=\"elementor-container elementor-column-gap-default\">\n\t\t\t\t\t<div class=\"elementor-column elementor-col-100 elementor-top-column elementor-element elementor-element-ed46463\" data-id=\"ed46463\" data-element_type=\"column\" data-e-type=\"column\">\n\t\t\t<div class=\"elementor-widget-wrap elementor-element-populated\">\n\t\t\t\t\t\t<div class=\"elementor-element elementor-element-535f2e4 elementor-widget elementor-widget-heading\" data-id=\"535f2e4\" data-element_type=\"widget\" data-e-type=\"widget\" data-widget_type=\"heading.default\">\n\t\t\t\t<div class=\"elementor-widget-container\">\n\t\t\t\t\t<h2 class=\"elementor-heading-title elementor-size-default\">Cobra<\/h2>\t\t\t\t<\/div>\n\t\t\t\t<\/div>\n\t\t\t\t<section class=\"elementor-section elementor-inner-section elementor-element elementor-element-f622565 elementor-section-boxed elementor-section-height-default elementor-section-height-default\" data-id=\"f622565\" data-element_type=\"section\" data-e-type=\"section\">\n\t\t\t\t\t\t<div class=\"elementor-container elementor-column-gap-default\">\n\t\t\t\t\t<div class=\"elementor-column elementor-col-100 elementor-inner-column elementor-element elementor-element-a7ccc37\" data-id=\"a7ccc37\" data-element_type=\"column\" data-e-type=\"column\">\n\t\t\t<div class=\"elementor-widget-wrap elementor-element-populated\">\n\t\t\t\t\t\t<div class=\"elementor-element elementor-element-fba42dd elementor-widget elementor-widget-text-editor\" data-id=\"fba42dd\" data-element_type=\"widget\" data-e-type=\"widget\" data-widget_type=\"text-editor.default\">\n\t\t\t\t<div class=\"elementor-widget-container\">\n\t\t\t\t\t\t\t\t\t<p>Le cobra est l&rsquo;une des cultures d\u00e9velopp\u00e9es par le Centre international d&rsquo;agriculture tropicale (CIAT), bas\u00e9 en Colombie. Le Cobra est le r\u00e9sultat de la pollinisation crois\u00e9e par pollinisation ouverte de diff\u00e9rents types de Brachiarias.<\/p>\n<p>Il se caract\u00e9rise par sa croissance sur des vignes \u00e9rig\u00e9es, ce qui facilite la coupe et l&rsquo;entretien. De plus, sa croissance \u00e9rig\u00e9e permet une implantation rapide, la premi\u00e8re coupe \u00e9tant obtenue 45 jours apr\u00e8s le semis. Il est id\u00e9al comme herbe de coupe et pour la production de foin et d&rsquo;ensilage. Il r\u00e9pond tr\u00e8s bien \u00e0 la fertilisation dans les syst\u00e8mes intensifs.<\/p>\n<p>L&rsquo;herbe COBRA\u00ae est la meilleure alternative pour obtenir une production \u00e9lev\u00e9e de mati\u00e8re verte et de mati\u00e8re s\u00e8che dans les syst\u00e8mes intensifs de coupe d&rsquo;herbe, soit pour fournir de l&rsquo;herbe fra\u00eeche au b\u00e9tail, soit pour faire du foin et de l&rsquo;ensilage. Les r\u00e9sultats chez les ch\u00e8vres et les moutons sont remarquables.<\/p>\n\t\t\t\t\t\t\t\t<\/div>\n\t\t\t\t<\/div>\n\t\t\t\t\t<\/div>\n\t\t<\/div>\n\t\t\t\t\t<\/div>\n\t\t<\/section>\n\t\t\t\t\t<\/div>\n\t\t<\/div>\n\t\t\t\t\t<\/div>\n\t\t<\/section>\n\t\t\t\t<section class=\"elementor-section elementor-top-section elementor-element elementor-element-6b3b72f elementor-section-boxed elementor-section-height-default elementor-section-height-default\" data-id=\"6b3b72f\" data-element_type=\"section\" data-e-type=\"section\">\n\t\t\t\t\t\t<div class=\"elementor-container elementor-column-gap-default\">\n\t\t\t\t\t<div class=\"elementor-column elementor-col-100 elementor-top-column elementor-element elementor-element-8cb29ab\" data-id=\"8cb29ab\" data-element_type=\"column\" data-e-type=\"column\">\n\t\t\t<div class=\"elementor-widget-wrap elementor-element-populated\">\n\t\t\t\t\t\t<div class=\"elementor-element elementor-element-a1e63c8 elementor-align-center elementor-widget elementor-widget-button\" data-id=\"a1e63c8\" data-element_type=\"widget\" data-e-type=\"widget\" data-widget_type=\"button.default\">\n\t\t\t\t<div class=\"elementor-widget-container\">\n\t\t\t\t\t\t\t\t\t<div class=\"elementor-button-wrapper\">\n\t\t\t\t\t<a class=\"elementor-button elementor-button-link elementor-size-md\" href=\"https:\/\/esseeds.com\/wp-content\/uploads\/2021\/09\/folleto_cobra.pdf\" target=\"_blank\">\n\t\t\t\t\t\t<span class=\"elementor-button-content-wrapper\">\n\t\t\t\t\t\t<span class=\"elementor-button-icon\">\n\t\t\t\t<svg aria-hidden=\"true\" class=\"e-font-icon-svg e-far-file-pdf\" viewBox=\"0 0 384 512\" xmlns=\"http:\/\/www.w3.org\/2000\/svg\"><path d=\"M369.9 97.9L286 14C277 5 264.8-.1 252.1-.1H48C21.5 0 0 21.5 0 48v416c0 26.5 21.5 48 48 48h288c26.5 0 48-21.5 48-48V131.9c0-12.7-5.1-25-14.1-34zM332.1 128H256V51.9l76.1 76.1zM48 464V48h160v104c0 13.3 10.7 24 24 24h104v288H48zm250.2-143.7c-12.2-12-47-8.7-64.4-6.5-17.2-10.5-28.7-25-36.8-46.3 3.9-16.1 10.1-40.6 5.4-56-4.2-26.2-37.8-23.6-42.6-5.9-4.4 16.1-.4 38.5 7 67.1-10 23.9-24.9 56-35.4 74.4-20 10.3-47 26.2-51 46.2-3.3 15.8 26 55.2 76.1-31.2 22.4-7.4 46.8-16.5 68.4-20.1 18.9 10.2 41 17 55.8 17 25.5 0 28-28.2 17.5-38.7zm-198.1 77.8c5.1-13.7 24.5-29.5 30.4-35-19 30.3-30.4 35.7-30.4 35zm81.6-190.6c7.4 0 6.7 32.1 1.8 40.8-4.4-13.9-4.3-40.8-1.8-40.8zm-24.4 136.6c9.7-16.9 18-37 24.7-54.7 8.3 15.1 18.9 27.2 30.1 35.5-20.8 4.3-38.9 13.1-54.8 19.2zm131.6-5s-5 6-37.3-7.8c35.1-2.6 40.9 5.4 37.3 7.8z\"><\/path><\/svg>\t\t\t<\/span>\n\t\t\t\t\t\t\t\t\t<span class=\"elementor-button-text\">  T\u00e9l\u00e9charger le dossier<\/span>\n\t\t\t\t\t<\/span>\n\t\t\t\t\t<\/a>\n\t\t\t\t<\/div>\n\t\t\t\t\t\t\t\t<\/div>\n\t\t\t\t<\/div>\n\t\t\t\t\t<\/div>\n\t\t<\/div>\n\t\t\t\t\t<\/div>\n\t\t<\/section>\n\t\t\t\t<\/div>\n\t\t","protected":false},"excerpt":{"rendered":"<p>Herbe \u00e0 cobra Cobra Le cobra est l&rsquo;une des cultures d\u00e9velopp\u00e9es par le Centre international d&rsquo;agriculture tropicale (CIAT), bas\u00e9 en Colombie. Le Cobra est le r\u00e9sultat de la pollinisation crois\u00e9e par pollinisation ouverte de diff\u00e9rents types de Brachiarias. Il se caract\u00e9rise par sa croissance sur des vignes \u00e9rig\u00e9es, ce qui facilite la coupe et l&rsquo;entretien. [&hellip;]<\/p>\n","protected":false},"author":1,"featured_media":0,"parent":14626,"menu_order":0,"comment_status":"closed","ping_status":"closed","template":"","meta":{"inline_featured_image":false,"site-sidebar-layout":"no-sidebar","site-content-layout":"page-builder","ast-site-content-layout":"default","site-content-style":"default","site-sidebar-style":"default","ast-global-header-display":"","ast-banner-title-visibility":"","ast-main-header-display":"","ast-hfb-above-header-display":"","ast-hfb-below-header-display":"","ast-hfb-mobile-header-display":"","site-post-title":"disabled","ast-breadcrumbs-content":"","ast-featured-img":"disabled","footer-sml-layout":"","ast-disable-related-posts":"","theme-transparent-header-meta":"default","adv-header-id-meta":"","stick-header-meta":"","header-above-stick-meta":"","header-main-stick-meta":"","header-below-stick-meta":"","astra-migrate-meta-layouts":"default","ast-page-background-enabled":"default","ast-page-background-meta":{"desktop":{"background-color":"","background-image":"","background-repeat":"repeat","background-position":"center center","background-size":"auto","background-attachment":"scroll","background-type":"","background-media":"","overlay-type":"","overlay-color":"","overlay-opacity":"","overlay-gradient":""},"tablet":{"background-color":"","background-image":"","background-repeat":"repeat","background-position":"center center","background-size":"auto","background-attachment":"scroll","background-type":"","background-media":"","overlay-type":"","overlay-color":"","overlay-opacity":"","overlay-gradient":""},"mobile":{"background-color":"","background-image":"","background-repeat":"repeat","background-position":"center center","background-size":"auto","background-attachment":"scroll","background-type":"","background-media":"","overlay-type":"","overlay-color":"","overlay-opacity":"","overlay-gradient":""}},"ast-content-background-meta":{"desktop":{"background-color":"var(--ast-global-color-5)","background-image":"","background-repeat":"repeat","background-position":"center center","background-size":"auto","background-attachment":"scroll","background-type":"","background-media":"","overlay-type":"","overlay-color":"","overlay-opacity":"","overlay-gradient":""},"tablet":{"background-color":"var(--ast-global-color-5)","background-image":"","background-repeat":"repeat","background-position":"center center","background-size":"auto","background-attachment":"scroll","background-type":"","background-media":"","overlay-type":"","overlay-color":"","overlay-opacity":"","overlay-gradient":""},"mobile":{"background-color":"var(--ast-global-color-5)","background-image":"","background-repeat":"repeat","background-position":"center center","background-size":"auto","background-attachment":"scroll","background-type":"","background-media":"","overlay-type":"","overlay-color":"","overlay-opacity":"","overlay-gradient":""}},"iawp_total_views":49,"_joinchat":[],"footnotes":""},"class_list":["post-14189","page","type-page","status-publish","hentry"],"_links":{"self":[{"href":"https:\/\/esseeds.com\/fr\/wp-json\/wp\/v2\/pages\/14189","targetHints":{"allow":["GET"]}}],"collection":[{"href":"https:\/\/esseeds.com\/fr\/wp-json\/wp\/v2\/pages"}],"about":[{"href":"https:\/\/esseeds.com\/fr\/wp-json\/wp\/v2\/types\/page"}],"author":[{"embeddable":true,"href":"https:\/\/esseeds.com\/fr\/wp-json\/wp\/v2\/users\/1"}],"replies":[{"embeddable":true,"href":"https:\/\/esseeds.com\/fr\/wp-json\/wp\/v2\/comments?post=14189"}],"version-history":[{"count":5,"href":"https:\/\/esseeds.com\/fr\/wp-json\/wp\/v2\/pages\/14189\/revisions"}],"predecessor-version":[{"id":17654,"href":"https:\/\/esseeds.com\/fr\/wp-json\/wp\/v2\/pages\/14189\/revisions\/17654"}],"up":[{"embeddable":true,"href":"https:\/\/esseeds.com\/fr\/wp-json\/wp\/v2\/pages\/14626"}],"wp:attachment":[{"href":"https:\/\/esseeds.com\/fr\/wp-json\/wp\/v2\/media?parent=14189"}],"curies":[{"name":"wp","href":"https:\/\/api.w.org\/{rel}","templated":true}]}}